{"id":352,"date":"2022-04-08T05:59:25","date_gmt":"2022-04-08T05:59:25","guid":{"rendered":"http:\/\/6thclass.deltapublications.in\/?page_id=352"},"modified":"2025-11-08T05:06:35","modified_gmt":"2025-11-08T05:06:35","slug":"w-1-perimeter","status":"publish","type":"page","link":"https:\/\/6thclass.deltapublications.in\/index.php\/w-1-perimeter\/","title":{"rendered":"W.1 Perimeter"},"content":{"rendered":"\n<h2 class=\"wp-block-heading has-text-align-center has-text-color\" style=\"color:#00056d;text-transform:uppercase\"> <strong>Perimeter<\/strong><\/h2>\n\n\n\n<p class=\"has-text-color has-link-color has-huge-font-size wp-elements-8550df6181cd5d83aa7a08ef336a4ca1\" style=\"color:#74008b\">Key Notes :<\/p>\n\n\n\n<p class=\"has-large-font-size\"><strong>\ud83d\udccf What is Perimeter?<\/strong><\/p>\n\n\n\n<p>The <strong>perimeter<\/strong> is the <strong>total distance around a shape<\/strong>.<\/p>\n\n\n\n<p>Think of it as the <strong>length of the boundary<\/strong> of a shape.<\/p>\n\n\n\n<p class=\"has-large-font-size\"><strong>\ud83d\udd3a Perimeter of a Triangle<\/strong><\/p>\n\n\n\n<p>Add the <strong>lengths of all three sides<\/strong>.<\/p>\n\n\n\n<p>Formula: <strong>P = a + b + c<\/strong><\/p>\n\n\n\n<p>Example: If sides are 3 cm, 4 cm, 5 cm \u2192 <strong>P = 3 + 4 + 5 = 12 cm<\/strong> \u2705<\/p>\n\n\n\n<p class=\"has-large-font-size\"><strong>\u2b1b Perimeter of a Rectangle<\/strong><\/p>\n\n\n\n<p>Add all four sides or use the formula:<br><strong>P = 2 \u00d7 (length + width)<\/strong><\/p>\n\n\n\n<p>Example: Length = 6 cm, Width = 4 cm \u2192 <strong>P = 2 \u00d7 (6 + 4) = 20 cm<\/strong><\/p>\n\n\n\n<p class=\"has-large-font-size\"><strong>\ud83d\udfe9 Perimeter of a Square<\/strong><\/p>\n\n\n\n<p>All sides are equal, so multiply one side by 4.<\/p>\n\n\n\n<p>Formula: <strong>P = 4 \u00d7 side<\/strong><\/p>\n\n\n\n<p>Example: Side = 5 cm \u2192 <strong>P = 4 \u00d7 5 = 20 cm<\/strong><\/p>\n\n\n\n<p class=\"has-large-font-size\"><strong>\u26aa Perimeter of a Circle<\/strong><\/p>\n\n\n\n<p>Called <strong>circumference<\/strong>.<\/p>\n\n\n\n<p>Formula: <strong>C = 2 \u00d7 \u03c0 \u00d7 r<\/strong> or <strong>C = \u03c0 \u00d7 d<\/strong><\/p>\n\n\n\n<p>Example: Radius = 7 cm \u2192 <strong>C = 2 \u00d7 3.14 \u00d7 7 = 43.96 cm<\/strong><\/p>\n\n\n\n<p class=\"has-large-font-size\"><strong>\u270f\ufe0f Steps to Find Perimeter<\/strong><\/p>\n\n\n\n<p>Identify the <strong>shape<\/strong>.<\/p>\n\n\n\n<p>Note <strong>all side lengths<\/strong>.<\/p>\n\n\n\n<p>Use the <strong>correct formula<\/strong>.<\/p>\n\n\n\n<p>Add all sides or calculate using the formula.<\/p>\n\n\n\n<p class=\"has-large-font-size\"><strong>\ud83e\udde9 Perimeter of Irregular Shapes<\/strong><\/p>\n\n\n\n<p>Add the <strong>lengths of all sides<\/strong>.<\/p>\n\n\n\n<p>Example: A shape with sides 3 cm, 4 cm, 5 cm, 6 cm \u2192 <strong>P = 18 cm<\/strong><\/p>\n\n\n\n<p class=\"has-large-font-size\"><strong>\ud83d\udca1 Fun Fact:<\/strong><\/p>\n\n\n\n<p>Perimeter is <strong>measured in units<\/strong> like cm, m, km, etc.<\/p>\n\n\n\n<p>It <strong>doesn\u2019t depend on the area<\/strong> of the shape.<\/p>\n\n\n\n<p class=\"has-large-font-size\"><strong>\ud83c\udfa8 Visual Tip:<\/strong><\/p>\n\n\n\n<p>Imagine <strong>walking around the shape<\/strong> \u2013 that\u2019s the perimeter! \ud83d\udc63<\/p>\n\n\n\n<p class=\"has-text-align-center has-text-color has-large-font-size\" style=\"color:#105000\"><strong>Learn with an example<\/strong><\/p>\n\n\n\n<div class=\"wp-block-group has-background has-large-font-size\" style=\"background-color:#f7f2cb\"><div class=\"wp-block-group__inner-container is-layout-flow wp-block-group-is-layout-flow\">\n<div class=\"wp-block-group has-background-background-color has-background\"><div class=\"wp-block-group__inner-container is-layout-flow wp-block-group-is-layout-flow\">\n<p class=\"has-text-color has-link-color wp-elements-e02ce70eba36360c166161b772498048\" style=\"color:#b00012\"><strong>\u25b6\ufe0f What&nbsp;is the perimeter of the&nbsp;rectangle?<\/strong><\/p>\n\n\n<div class=\"wp-block-image is-resized\">\n<figure class=\"aligncenter size-full\"><img decoding=\"async\" src=\"https:\/\/5thclass.deltapublications.in\/wp-content\/uploads\/2023\/01\/Untitled-670-\u00d7-200px-670-\u00d7-300px-470-\u00d7-300px-470-\u00d7-200px.png\" alt=\"\" class=\"wp-image-4032\"\/><\/figure><\/div>\n\n\n<p><strong>____ centimetres<\/strong><\/p>\n<\/div><\/div>\n\n\n\n<p>To&nbsp;find the perimeter, find the total length of the shape&#8217;s&nbsp;sides.<\/p>\n\n\n<div class=\"wp-block-image is-resized\">\n<figure class=\"aligncenter size-full\"><img decoding=\"async\" src=\"https:\/\/5thclass.deltapublications.in\/wp-content\/uploads\/2023\/01\/Untitled__670___200px___670___300px___470___300px___470___200px_-removebg-preview.png\" alt=\"\" class=\"wp-image-4033\"\/><\/figure><\/div>\n\n\n<p>Add all of the side lengths.<br>2 + 1 + 2 + 1 = 6<br>The perimeter of the rectangle is 6 centimetres. ( Centimetres can be written &#8220;cm&#8221;.)<\/p>\n<\/div><\/div>\n\n\n\n<div class=\"wp-block-group has-background has-large-font-size\" style=\"background-color:#e5cefc\"><div class=\"wp-block-group__inner-container is-layout-flow wp-block-group-is-layout-flow\">\n<div class=\"wp-block-group has-background-background-color has-background\"><div class=\"wp-block-group__inner-container is-layout-flow wp-block-group-is-layout-flow\">\n<p class=\"has-text-color has-link-color wp-elements-3d355f4991a1a728024431dff0d556bf\" style=\"color:#b00012\"><strong>\u25b6\ufe0f What&nbsp;is the perimeter of the&nbsp;shape?<\/strong><\/p>\n\n\n<div class=\"wp-block-image is-resized\">\n<figure class=\"aligncenter size-full\"><img decoding=\"async\" src=\"https:\/\/5thclass.deltapublications.in\/wp-content\/uploads\/2023\/01\/Untitled-670-\u00d7-200px-670-\u00d7-300px-500-\u00d7-500px.png\" alt=\"\" class=\"wp-image-4034\" style=\"width:300px;height:auto\"\/><\/figure><\/div>\n\n\n<p><strong>____ centimetres<\/strong><\/p>\n<\/div><\/div>\n\n\n\n<p>To&nbsp;find the perimeter, find the total length of the shape&#8217;s&nbsp;sides.<\/p>\n\n\n<div class=\"wp-block-image\">\n<figure class=\"aligncenter size-full is-resized\"><img loading=\"lazy\" decoding=\"async\" width=\"500\" height=\"500\" src=\"https:\/\/6thclass.deltapublications.in\/wp-content\/uploads\/2023\/12\/w1_1-removebg-preview.png\" alt=\"\" class=\"wp-image-9298\" style=\"width:299px;height:auto\" srcset=\"https:\/\/6thclass.deltapublications.in\/wp-content\/uploads\/2023\/12\/w1_1-removebg-preview.png 500w, https:\/\/6thclass.deltapublications.in\/wp-content\/uploads\/2023\/12\/w1_1-removebg-preview-300x300.png 300w, https:\/\/6thclass.deltapublications.in\/wp-content\/uploads\/2023\/12\/w1_1-removebg-preview-150x150.png 150w, https:\/\/6thclass.deltapublications.in\/wp-content\/uploads\/2023\/12\/w1_1-removebg-preview-400x400.png 400w\" sizes=\"auto, (max-width: 500px) 100vw, 500px\" \/><\/figure><\/div>\n\n\n<p>Add all of the side lengths.<br>2 + 3 + 2 + 3 = 10<br>The perimeter of the shape is 10 centimetres. ( Centimetres can be written &#8220;cm&#8221;.)<\/p>\n<\/div><\/div>\n\n\n\n<div class=\"wp-block-group has-background has-large-font-size\" style=\"background-color:#baf8c1\"><div class=\"wp-block-group__inner-container is-layout-flow wp-block-group-is-layout-flow\">\n<div class=\"wp-block-group has-background-background-color has-background\"><div class=\"wp-block-group__inner-container is-layout-flow wp-block-group-is-layout-flow\">\n<p class=\"has-text-color has-link-color wp-elements-e02ce70eba36360c166161b772498048\" style=\"color:#b00012\"><strong>\u25b6\ufe0f What&nbsp;is the perimeter of the&nbsp;rectangle?<\/strong><\/p>\n\n\n<div class=\"wp-block-image is-resized\">\n<figure class=\"aligncenter size-full\"><img decoding=\"async\" src=\"https:\/\/5thclass.deltapublications.in\/wp-content\/uploads\/2023\/01\/Untitled-670-\u00d7-200px-670-\u00d7-300px-500-\u00d7-500px-1-1.png\" alt=\"\" class=\"wp-image-4036\" style=\"width:342px;height:auto\"\/><\/figure><\/div>\n\n\n<p><strong>_____ centimetres<\/strong><\/p>\n<\/div><\/div>\n\n\n\n<p>To&nbsp;find the perimeter, find the total length of the shape&#8217;s&nbsp;sides.<\/p>\n\n\n<div class=\"wp-block-image is-resized\">\n<figure class=\"aligncenter size-full\"><img loading=\"lazy\" decoding=\"async\" width=\"500\" height=\"500\" src=\"https:\/\/6thclass.deltapublications.in\/wp-content\/uploads\/2023\/12\/w1_2-removebg-preview.png\" alt=\"\" class=\"wp-image-9300\" style=\"width:374px;height:auto\" srcset=\"https:\/\/6thclass.deltapublications.in\/wp-content\/uploads\/2023\/12\/w1_2-removebg-preview.png 500w, https:\/\/6thclass.deltapublications.in\/wp-content\/uploads\/2023\/12\/w1_2-removebg-preview-300x300.png 300w, https:\/\/6thclass.deltapublications.in\/wp-content\/uploads\/2023\/12\/w1_2-removebg-preview-150x150.png 150w, https:\/\/6thclass.deltapublications.in\/wp-content\/uploads\/2023\/12\/w1_2-removebg-preview-400x400.png 400w\" sizes=\"auto, (max-width: 500px) 100vw, 500px\" \/><\/figure><\/div>\n\n\n<p>Add all of the side lengths.<br>5 + 6 + 5 + 6 = 22<br>The perimeter of the rectangle is 22 centimetres. ( Centimetres can be written &#8220;cm&#8221;.)<\/p>\n<\/div><\/div>\n\n\n\n<p class=\"has-text-color has-large-font-size\" style=\"color:#d90000\">Let&#8217;s practice!\ud83d\udd8a\ufe0f <\/p>\n\n\n\n<div class=\"wp-block-columns is-layout-flex wp-container-core-columns-is-layout-9d6595d7 wp-block-columns-is-layout-flex\">\n<div class=\"wp-block-column is-layout-flow wp-block-column-is-layout-flow\">\n<figure class=\"wp-block-image size-full\"><a href=\"https:\/\/wordwall.net\/play\/85829\/908\/726\"><img loading=\"lazy\" decoding=\"async\" width=\"500\" height=\"500\" src=\"https:\/\/6thclass.deltapublications.in\/wp-content\/uploads\/2023\/04\/Worksheet-1-3-146.png\" alt=\"\" class=\"wp-image-5914\" srcset=\"https:\/\/6thclass.deltapublications.in\/wp-content\/uploads\/2023\/04\/Worksheet-1-3-146.png 500w, https:\/\/6thclass.deltapublications.in\/wp-content\/uploads\/2023\/04\/Worksheet-1-3-146-300x300.png 300w, https:\/\/6thclass.deltapublications.in\/wp-content\/uploads\/2023\/04\/Worksheet-1-3-146-150x150.png 150w, https:\/\/6thclass.deltapublications.in\/wp-content\/uploads\/2023\/04\/Worksheet-1-3-146-400x400.png 400w\" sizes=\"auto, (max-width: 500px) 100vw, 500px\" \/><\/a><\/figure>\n<\/div>\n\n\n\n<div class=\"wp-block-column is-layout-flow wp-block-column-is-layout-flow\">\n<figure class=\"wp-block-image size-full\"><a href=\"https:\/\/wordwall.net\/play\/36025\/875\/169\"><img loading=\"lazy\" decoding=\"async\" width=\"500\" height=\"500\" src=\"https:\/\/6thclass.deltapublications.in\/wp-content\/uploads\/2023\/04\/Worksheet-1-1-2-152.png\" alt=\"\" class=\"wp-image-5916\" srcset=\"https:\/\/6thclass.deltapublications.in\/wp-content\/uploads\/2023\/04\/Worksheet-1-1-2-152.png 500w, https:\/\/6thclass.deltapublications.in\/wp-content\/uploads\/2023\/04\/Worksheet-1-1-2-152-300x300.png 300w, https:\/\/6thclass.deltapublications.in\/wp-content\/uploads\/2023\/04\/Worksheet-1-1-2-152-150x150.png 150w, https:\/\/6thclass.deltapublications.in\/wp-content\/uploads\/2023\/04\/Worksheet-1-1-2-152-400x400.png 400w\" sizes=\"auto, (max-width: 500px) 100vw, 500px\" \/><\/a><\/figure>\n<\/div>\n<\/div>\n","protected":false},"excerpt":{"rendered":"<p>Perimeter Key Notes : \ud83d\udccf What is Perimeter? The perimeter is the total distance around a shape. Think of it as the length of the boundary of a shape. \ud83d\udd3a Perimeter of a Triangle Add the lengths of all three sides. Formula: P = a + b + c Example: If sides are 3 cm,<a class=\"more-link\" href=\"https:\/\/6thclass.deltapublications.in\/index.php\/w-1-perimeter\/\">Continue reading <span class=\"screen-reader-text\">&#8220;W.1 Perimeter&#8221;<\/span><\/a><\/p>\n","protected":false},"author":1,"featured_media":0,"parent":0,"menu_order":0,"comment_status":"closed","ping_status":"closed","template":"","meta":{"om_disable_all_campaigns":false,"_mi_skip_tracking":false,"_monsterinsights_sitenote_active":false,"_monsterinsights_sitenote_note":"","_monsterinsights_sitenote_category":0,"footnotes":""},"class_list":["post-352","page","type-page","status-publish","hentry","entry"],"aioseo_notices":[],"_links":{"self":[{"href":"https:\/\/6thclass.deltapublications.in\/index.php\/wp-json\/wp\/v2\/pages\/352","targetHints":{"allow":["GET"]}}],"collection":[{"href":"https:\/\/6thclass.deltapublications.in\/index.php\/wp-json\/wp\/v2\/pages"}],"about":[{"href":"https:\/\/6thclass.deltapublications.in\/index.php\/wp-json\/wp\/v2\/types\/page"}],"author":[{"embeddable":true,"href":"https:\/\/6thclass.deltapublications.in\/index.php\/wp-json\/wp\/v2\/users\/1"}],"replies":[{"embeddable":true,"href":"https:\/\/6thclass.deltapublications.in\/index.php\/wp-json\/wp\/v2\/comments?post=352"}],"version-history":[{"count":14,"href":"https:\/\/6thclass.deltapublications.in\/index.php\/wp-json\/wp\/v2\/pages\/352\/revisions"}],"predecessor-version":[{"id":17323,"href":"https:\/\/6thclass.deltapublications.in\/index.php\/wp-json\/wp\/v2\/pages\/352\/revisions\/17323"}],"wp:attachment":[{"href":"https:\/\/6thclass.deltapublications.in\/index.php\/wp-json\/wp\/v2\/media?parent=352"}],"curies":[{"name":"wp","href":"https:\/\/api.w.org\/{rel}","templated":true}]}}